{"id":1118,"date":"2021-11-08T11:06:06","date_gmt":"2021-11-08T10:06:06","guid":{"rendered":"https:\/\/neurocirugialmeria.com\/?page_id=1118"},"modified":"2022-06-05T16:30:36","modified_gmt":"2022-06-05T14:30:36","slug":"plagiocefalia-almeria","status":"publish","type":"page","link":"https:\/\/neurocirugialmeria.com\/en\/plagiocefalia-almeria\/","title":{"rendered":"Congenital and acquired cranial deformities"},"content":{"rendered":"<ul class=\"wp-block-list\"><li><strong>Plagiocefalia postural posterior: <\/strong>Como su nombre indica se trata de una anomal\u00eda en la conformaci\u00f3n del cr\u00e1neo de car\u00e1cter postural. Suele diagnosticarse en beb\u00e9s en torno a los 3 meses de vida y se caracteriza por un aplanamiento asim\u00e9trico a nivel occipital acompa\u00f1ado de un abombamiento frontal compensatorio en el mismo lado del aplanamiento occipital. Suele deberse al mantenimiento de la posici\u00f3n supina (boca-arriba) durante el descanso con tendencia a adoptar siempre la misma posici\u00f3n, de modo que el prolongado apoyo de la parte posterior de la cabeza del mismo lado favorece su aparici\u00f3n.  Es preciso descartar en estos casos la presencia de torticolis cong\u00e9nita que va a favorecer su aparici\u00f3n. No se acompa\u00f1a por tanto del cierre prematuro de la sutura lambdoidea tal y como sucede en la plagiocefalia posterior franca. El tratamiento va a estar compuesto fundamentalmente por medidas posturales tales como cambiar la posici\u00f3n de descanso del bebe y evitar apoyos prolongados de la regi\u00f3n posterior del cr\u00e1neo. En casos muy acusados puede valorarse el empleo de una ortesis craneal (casco remodelador) a medida. <\/li><li><strong>Craneosinostosis:<\/strong> Representan un conjunto de deformidades craneales en las que sucede un cierre anormalmente prematuro de una o varias suturas craneales lo que genera una deformidad muy acusada del cr\u00e1neo que va a precisar de reparaci\u00f3n quir\u00fargica durante el primer a\u00f1o de vida.  A continuaci\u00f3n se describen los principales tipos:<\/li><\/ul>\n\n\n\n<figure class=\"wp-block-image size-large\"><img data-recalc-dims=\"1\" loading=\"lazy\" decoding=\"async\" width=\"1080\" height=\"411\" data-attachment-id=\"1593\" data-permalink=\"https:\/\/neurocirugialmeria.com\/en\/plagiocefalia-almeria\/trigonocefalia-almeria\/\" data-orig-file=\"https:\/\/i0.wp.com\/neurocirugialmeria.com\/wp-content\/uploads\/2022\/06\/trigonocefalia-almeria.jpg?fit=1080%2C411&amp;ssl=1\" data-orig-size=\"1080,411\" data-comments-opened=\"1\" data-image-meta=\"{&quot;aperture&quot;:&quot;0&quot;,&quot;credit&quot;:&quot;&quot;,&quot;camera&quot;:&quot;&quot;,&quot;caption&quot;:&quot;&quot;,&quot;created_timestamp&quot;:&quot;1654446444&quot;,&quot;copyright&quot;:&quot;&quot;,&quot;focal_length&quot;:&quot;0&quot;,&quot;iso&quot;:&quot;0&quot;,&quot;shutter_speed&quot;:&quot;0&quot;,&quot;title&quot;:&quot;&quot;,&quot;orientation&quot;:&quot;1&quot;}\" data-image-title=\"trigonocefalia-almeria\" data-image-description=\"\" data-image-caption=\"\" data-large-file=\"https:\/\/i0.wp.com\/neurocirugialmeria.com\/wp-content\/uploads\/2022\/06\/trigonocefalia-almeria.jpg?fit=1024%2C390&amp;ssl=1\" src=\"https:\/\/i0.wp.com\/neurocirugialmeria.com\/wp-content\/uploads\/2022\/06\/trigonocefalia-almeria.jpg?resize=1080%2C411&#038;ssl=1\" alt=\"\" class=\"wp-image-1593\" \/><figcaption>Imagen correspondiente a un paciente con una trigonocefalia sindr\u00f3mica <\/figcaption><\/figure>\n\n\n\n<ul class=\"wp-block-list\"><li><strong>Escafocefalia<\/strong> <strong>(o sinostosis sagital):<\/strong> En ella tiene lugar el cierre prematuro de la sutura sagital lo que da lugar al desarrollo de un cr\u00e1neo anormalmente alargado (\u00abdolicocefalia\u00bb) y estrecho con una prominencia frontal y occipital, lo que hace necesaria la correcci\u00f3n quir\u00fargica. <ul><li><strong>Plagiocefalia anterior (sinostosis coronal): <\/strong>Generalmente unilateral, se caracteriza por una deformidad asim\u00e9trica muy patente en la regi\u00f3n frontal lo que da lugar a una diferencia de altura entre las \u00f3rbitas y la frente. M\u00e1s frecuente en ni\u00f1as, precisa de correcci\u00f3n quir\u00fargica incluyendo la remodelaci\u00f3n orbitaria. <\/li><li><strong>Trigonocefalia (Sinostosis met\u00f3pica)<\/strong>: Se caracteriza por el cierre precoz de la sutura met\u00f3pica lo que da lugar a una deformidad sim\u00e9trica con el abultamiento en la parte media de la frente (frente en quilla). Precisa la correcci\u00f3n quir\u00fargica con la remodelaci\u00f3n orbitaria. <\/li><li><strong>Craneosinostosis complejas o sindr\u00f3micas<\/strong>: Combinan alteraciones en la conformaci\u00f3n del cr\u00e1neo a diferentes niveles. Se deben a la alteraci\u00f3n gen\u00e9tica en el gen FGFR (Receptor del factor de crecimiento fibrobl\u00e1stico). Dan lugar as\u00ed a deformidades muy importantes que pueden afectar a otras partes del cuerpo (sindactilias o enanismo, etc). Su correcci\u00f3n es altamente compeja y va a precisar de varias intervenciones quir\u00fargicas. <\/li><\/ul><\/li><\/ul>\n\n\n\n\n\n\n<div class=\"wp-block-jetpack-contact-form is-layout-flex wp-container-jetpack-contact-form-is-layout-faa3ad1c wp-block-jetpack-contact-form-is-layout-flex\"><a href=\"https:\/\/neurocirugialmeria.com\/en\/plagiocefalia-almeria\/\" target=\"_blank\" rel=\"noopener noreferrer\">Submit a form.<\/a><\/div>","protected":false},"excerpt":{"rendered":"<p>Plagiocefalia postural posterior: Como su nombre indica se trata de una anomal\u00eda en la conformaci\u00f3n del cr\u00e1neo de car\u00e1cter postural. Suele diagnosticarse en beb\u00e9s en torno a los 3 meses de vida y se caracteriza por un aplanamiento asim\u00e9trico a nivel occipital acompa\u00f1ado de un abombamiento frontal compensatorio en el mismo lado del aplanamiento occipital&#8230;.<\/p>","protected":false},"author":183523340,"featured_media":0,"parent":0,"menu_order":0,"comment_status":"closed","ping_status":"closed","template":"","meta":{"_coblocks_attr":"","_coblocks_dimensions":"","_coblocks_responsive_height":"","_coblocks_accordion_ie_support":"","advanced_seo_description":"","jetpack_seo_html_title":"","jetpack_seo_noindex":false,"_kadence_starter_templates_imported_post":false,"_kad_post_transparent":"","_kad_post_title":"","_kad_post_layout":"","_kad_post_sidebar_id":"","_kad_post_content_style":"","_kad_post_vertical_padding":"","_kad_post_feature":"","_kad_post_feature_position":"","_kad_post_header":false,"_kad_post_footer":false,"_kad_post_classname":"","footnotes":""},"class_list":["post-1118","page","type-page","status-publish","hentry"],"jetpack_likes_enabled":true,"jetpack_sharing_enabled":true,"jetpack_shortlink":"https:\/\/wp.me\/PbS7CP-i2","jetpack-related-posts":[],"_links":{"self":[{"href":"https:\/\/neurocirugialmeria.com\/en\/wp-json\/wp\/v2\/pages\/1118","targetHints":{"allow":["GET"]}}],"collection":[{"href":"https:\/\/neurocirugialmeria.com\/en\/wp-json\/wp\/v2\/pages"}],"about":[{"href":"https:\/\/neurocirugialmeria.com\/en\/wp-json\/wp\/v2\/types\/page"}],"author":[{"embeddable":true,"href":"https:\/\/neurocirugialmeria.com\/en\/wp-json\/wp\/v2\/users\/183523340"}],"replies":[{"embeddable":true,"href":"https:\/\/neurocirugialmeria.com\/en\/wp-json\/wp\/v2\/comments?post=1118"}],"version-history":[{"count":9,"href":"https:\/\/neurocirugialmeria.com\/en\/wp-json\/wp\/v2\/pages\/1118\/revisions"}],"predecessor-version":[{"id":1594,"href":"https:\/\/neurocirugialmeria.com\/en\/wp-json\/wp\/v2\/pages\/1118\/revisions\/1594"}],"wp:attachment":[{"href":"https:\/\/neurocirugialmeria.com\/en\/wp-json\/wp\/v2\/media?parent=1118"}],"curies":[{"name":"wp","href":"https:\/\/api.w.org\/{rel}","templated":true}]}}